{"id":3005,"date":"2018-01-02T10:46:51","date_gmt":"2018-01-02T08:46:51","guid":{"rendered":"https:\/\/www.mobieacademy.fi\/mobie-academy\/"},"modified":"2022-11-09T11:06:47","modified_gmt":"2022-11-09T09:06:47","slug":"mobie-academy","status":"publish","type":"page","link":"https:\/\/www.mobieacademy.fi\/en\/mobie-academy\/","title":{"rendered":"Mobie Academy"},"content":{"rendered":"<p>[et_pb_section fb_built=&#8221;1&#8243; fullwidth=&#8221;on&#8221; _builder_version=&#8221;3.22&#8243; global_colors_info=&#8221;{}&#8221;][et_pb_fullwidth_slider _builder_version=&#8221;3.16&#8243; body_line_height=&#8221;1.8em&#8221; background_position=&#8221;top_left&#8221; custom_padding=&#8221;180px||180px|&#8221; custom_padding_tablet=&#8221;|||&#8221; box_shadow_style=&#8221;preset6&#8243; box_shadow_blur=&#8221;10px&#8221; box_shadow_color=&#8221;rgba(0,0,0,0.1)&#8221; top_padding=&#8221;180px&#8221; bottom_padding=&#8221;180px&#8221; remove_inner_shadow=&#8221;off&#8221; hide_content_on_mobile=&#8221;off&#8221; hide_cta_on_mobile=&#8221;off&#8221; global_colors_info=&#8221;{}&#8221; button_text_size__hover_enabled=&#8221;off&#8221; button_one_text_size__hover_enabled=&#8221;off&#8221; button_two_text_size__hover_enabled=&#8221;off&#8221; button_text_color__hover_enabled=&#8221;off&#8221; button_one_text_color__hover_enabled=&#8221;off&#8221; button_two_text_color__hover_enabled=&#8221;off&#8221; button_border_width__hover_enabled=&#8221;off&#8221; button_one_border_width__hover_enabled=&#8221;off&#8221; button_two_border_width__hover_enabled=&#8221;off&#8221; button_border_color__hover_enabled=&#8221;off&#8221; button_one_border_color__hover_enabled=&#8221;off&#8221; button_two_border_color__hover_enabled=&#8221;off&#8221; button_border_radius__hover_enabled=&#8221;off&#8221; button_one_border_radius__hover_enabled=&#8221;off&#8221; button_two_border_radius__hover_enabled=&#8221;off&#8221; button_letter_spacing__hover_enabled=&#8221;off&#8221; button_one_letter_spacing__hover_enabled=&#8221;off&#8221; button_two_letter_spacing__hover_enabled=&#8221;off&#8221; button_bg_color__hover_enabled=&#8221;off&#8221; button_one_bg_color__hover_enabled=&#8221;off&#8221; button_two_bg_color__hover_enabled=&#8221;off&#8221;][et_pb_slide heading=&#8221;Mobie Academy&#8221; use_bg_overlay=&#8221;on&#8221; bg_overlay_color=&#8221;rgba(28,28,28,0.22)&#8221; use_text_overlay=&#8221;off&#8221; _builder_version=&#8221;3.16&#8243; header_font=&#8221;|on|||&#8221; header_line_height=&#8221;1.4em&#8221; body_font=&#8221;||||&#8221; body_font_size=&#8221;24&#8243; body_line_height=&#8221;1.2em&#8221; background_color=&#8221;#ffffff&#8221; background_image=&#8221;https:\/\/www.mobieacademy.fi\/wp-content\/uploads\/sites\/2\/2017\/12\/mobie-academy-slide2.jpg&#8221; button_icon_placement=&#8221;right&#8221; button_on_hover=&#8221;on&#8221; header_font_size_tablet=&#8221;36&#8243; header_font_size_phone=&#8221;28&#8243; header_font_size_last_edited=&#8221;on|phone&#8221; header_line_height_tablet=&#8221;1.4em&#8221; header_line_height_phone=&#8221;1.4em&#8221; body_font_size_tablet=&#8221;20&#8243; body_font_size_phone=&#8221;20&#8243; body_line_height_tablet=&#8221;1.2em&#8221; body_line_height_phone=&#8221;1.2em&#8221; custom_css_main_element=&#8221;background-position: 30% 60% !important;&#8221; global_colors_info=&#8221;{}&#8221; button_text_size__hover_enabled=&#8221;off&#8221; button_one_text_size__hover_enabled=&#8221;off&#8221; button_two_text_size__hover_enabled=&#8221;off&#8221; button_text_color__hover_enabled=&#8221;off&#8221; button_one_text_color__hover_enabled=&#8221;off&#8221; button_two_text_color__hover_enabled=&#8221;off&#8221; button_border_width__hover_enabled=&#8221;off&#8221; button_one_border_width__hover_enabled=&#8221;off&#8221; button_two_border_width__hover_enabled=&#8221;off&#8221; button_border_color__hover_enabled=&#8221;off&#8221; button_one_border_color__hover_enabled=&#8221;off&#8221; button_two_border_color__hover_enabled=&#8221;off&#8221; button_border_radius__hover_enabled=&#8221;off&#8221; button_one_border_radius__hover_enabled=&#8221;off&#8221; button_two_border_radius__hover_enabled=&#8221;off&#8221; button_letter_spacing__hover_enabled=&#8221;off&#8221; button_one_letter_spacing__hover_enabled=&#8221;off&#8221; button_two_letter_spacing__hover_enabled=&#8221;off&#8221; button_bg_color__hover_enabled=&#8221;off&#8221; button_one_bg_color__hover_enabled=&#8221;off&#8221; button_two_bg_color__hover_enabled=&#8221;off&#8221; sticky_transition=&#8221;on&#8221;]Study and develop yourself &#8211; anytime, anywhere.<br \/>\n[\/et_pb_slide][\/et_pb_fullwidth_slider][\/et_pb_section][et_pb_section fb_built=&#8221;1&#8243; custom_padding_last_edited=&#8221;on|desktop&#8221; admin_label=&#8221;section&#8221; _builder_version=&#8221;3.22&#8243; background_color=&#8221;#eef1f3&#8243; custom_padding_tablet=&#8221;50px|0|50px|0&#8243; custom_padding_phone=&#8221;&#8221; transparent_background=&#8221;off&#8221; padding_mobile=&#8221;off&#8221; global_colors_info=&#8221;{}&#8221;][et_pb_row padding_mobile=&#8221;on&#8221; column_padding_mobile=&#8221;on&#8221; custom_padding_last_edited=&#8221;on|phone&#8221; admin_label=&#8221;row&#8221; _builder_version=&#8221;3.25&#8243; background_color=&#8221;#ffffff&#8221; background_size=&#8221;initial&#8221; background_position=&#8221;top_left&#8221; background_repeat=&#8221;repeat&#8221; custom_margin=&#8221;||0px|&#8221; custom_padding=&#8221;50px|50px|50px|50px&#8221; custom_padding_tablet=&#8221;50px|30px|40px|30px&#8221; custom_padding_phone=&#8221;50px|20px|30px|20px&#8221; use_custom_width=&#8221;on&#8221; custom_width_px=&#8221;1170px&#8221; global_colors_info=&#8221;{}&#8221;][et_pb_column type=&#8221;4_4&#8243; _builder_version=&#8221;3.25&#8243; custom_padding=&#8221;|||&#8221; global_colors_info=&#8221;{}&#8221; custom_padding__hover=&#8221;|||&#8221;][et_pb_text _builder_version=&#8221;4.10.6&#8243; background_size=&#8221;initial&#8221; background_position=&#8221;top_left&#8221; background_repeat=&#8221;repeat&#8221; hover_enabled=&#8221;0&#8243; border_style=&#8221;solid&#8221; global_colors_info=&#8221;{}&#8221; sticky_enabled=&#8221;0&#8243;]<\/p>\n<h2 style=\"text-align: center; padding-bottom: 10px;\">A Global Production and Distribution Platform for Learning and Training Materials, as well as a Learning Environment for Educational Institutions, Teachers, Trainers and Students<\/h2>\n<p>&nbsp;<\/p>\n<p><img loading=\"lazy\" decoding=\"async\" class=\"alignright wp-image-2728\" src=\"https:\/\/www.mobieacademy.fi\/wp-content\/uploads\/sites\/2\/2017\/12\/mobie-academy-aloitusruutukuva1.png\" alt=\"\" width=\"380\" height=\"392\" srcset=\"https:\/\/www.mobieacademy.fi\/wp-content\/uploads\/sites\/2\/2017\/12\/mobie-academy-aloitusruutukuva1.png 427w, https:\/\/www.mobieacademy.fi\/wp-content\/uploads\/sites\/2\/2017\/12\/mobie-academy-aloitusruutukuva1-290x300.png 290w\" sizes=\"(max-width: 380px) 100vw, 380px\" \/>Mobie Academy is a completely new kind of electronic learning and training material production and distribution platform, a global online shop, and a very versatile learning environment for educational institutions, teachers, trainers and students. It is an excellent service for trainers who train around the world.<\/p>\n<p>Mobie Academy&#8217;s learning environment\/production platform is based on the OnEdu learning environment developed in cooperation with a hundred Finnish schools and close to 2500 teachers, as well as on the further development of the eSmart training\/orientation system for businesses and organizations.<\/p>\n<p>For content providers or publishers, Mobie Academy enables the production of learning or training materials on a very modern platform, as well as distribution and sales of materials globally.<\/p>\n<p>A teacher or trainer can set up unlimited number of groups to which she can invite the desired number of students. She can determine which learning or training materials the student should acquire from the online store and see in real time how students work on the courses. The service also includes the possibility of organizing real-time video-lessons. A teacher or trainer can also produce different tasks and course materials.<\/p>\n<p>Students acquire the learning\/training materials they want from the online store and at the same time access to the personal learning environment for the duration they want. The service also acts as a student&#8217;s personal portfolio. She can obtain individual courses from the online store or participate in the courses of the various training providers for which the teacher or trainer can create and monitor the student groups they want, as well as provide the students with the necessary personal feedback.<\/p>\n<p>[\/et_pb_text][et_pb_button button_url=&#8221;https:\/\/www.mobieacademy.fi\/en\/become-our-partner\/&#8221; button_text=&#8221;Activate your account&#8221; button_alignment=&#8221;left&#8221; module_class=&#8221;call_to_action&#8221; _builder_version=&#8221;4.10.6&#8243; custom_button=&#8221;on&#8221; button_text_size=&#8221;18&#8243; button_text_color=&#8221;#ffffff&#8221; button_bg_color=&#8221;#57aa66&#8243; button_border_width=&#8221;0&#8243; button_border_color=&#8221;#57aa66&#8243; button_font=&#8221;|800|||||||&#8221; button_icon=&#8221;%%24%%&#8221; button_icon_color=&#8221;#ffffff&#8221; button_text_size_tablet=&#8221;16&#8243; button_text_size_phone=&#8221;&#8221; button_text_size_last_edited=&#8221;on|phone&#8221; custom_css_main_element=&#8221;background-color: #57aa66 !important;&#8221; box_shadow_style=&#8221;preset4&#8243; box_shadow_horizontal=&#8221;2px&#8221; box_shadow_vertical=&#8221;2px&#8221; box_shadow_color=&#8221;#398e41&#8243; button_text_color_hover=&#8221;#ffffff&#8221; saved_tabs=&#8221;all&#8221; global_colors_info=&#8221;{}&#8221; button_text_size__hover_enabled=&#8221;off&#8221; button_one_text_size__hover_enabled=&#8221;off&#8221; button_two_text_size__hover_enabled=&#8221;off&#8221; button_text_color__hover_enabled=&#8221;on&#8221; button_text_color__hover=&#8221;#ffffff&#8221; button_one_text_color__hover_enabled=&#8221;off&#8221; button_two_text_color__hover_enabled=&#8221;off&#8221; button_border_width__hover_enabled=&#8221;off&#8221; button_one_border_width__hover_enabled=&#8221;off&#8221; button_two_border_width__hover_enabled=&#8221;off&#8221; button_border_color__hover_enabled=&#8221;off&#8221; button_one_border_color__hover_enabled=&#8221;off&#8221; button_two_border_color__hover_enabled=&#8221;off&#8221; button_border_radius__hover_enabled=&#8221;off&#8221; button_one_border_radius__hover_enabled=&#8221;off&#8221; button_two_border_radius__hover_enabled=&#8221;off&#8221; button_letter_spacing__hover_enabled=&#8221;off&#8221; button_one_letter_spacing__hover_enabled=&#8221;off&#8221; button_two_letter_spacing__hover_enabled=&#8221;off&#8221; button_bg_color__hover_enabled=&#8221;off&#8221; button_one_bg_color__hover_enabled=&#8221;off&#8221; button_two_bg_color__hover_enabled=&#8221;off&#8221;][\/et_pb_button][\/et_pb_column][\/et_pb_row][et_pb_row column_structure=&#8221;1_4,1_4,1_4,1_4&#8243; custom_padding_last_edited=&#8221;on|phone&#8221; module_class=&#8221;alasivulinkit&#8221; _builder_version=&#8221;3.25&#8243; background_color=&#8221;#ffffff&#8221; module_alignment=&#8221;center&#8221; custom_margin=&#8221;50px|||&#8221; custom_padding=&#8221;50px|50px|50px|50px&#8221; custom_padding_tablet=&#8221;50px|30px|40px|30px&#8221; custom_padding_phone=&#8221;50px|20px|30px|20px&#8221; use_custom_width=&#8221;on&#8221; custom_width_px=&#8221;1170px&#8221; global_colors_info=&#8221;{}&#8221;][et_pb_column type=&#8221;1_4&#8243; _builder_version=&#8221;3.25&#8243; custom_padding=&#8221;|||&#8221; global_colors_info=&#8221;{}&#8221; custom_padding__hover=&#8221;|||&#8221;][et_pb_image src=&#8221;https:\/\/www.mobieacademy.fi\/wp-content\/uploads\/sites\/2\/2017\/12\/mobie-academy-ikonit-sisallontuottajille.png&#8221; align=&#8221;center&#8221; align_tablet=&#8221;center&#8221; align_phone=&#8221;&#8221; align_last_edited=&#8221;on|desktop&#8221; _builder_version=&#8221;3.23&#8243; custom_margin=&#8221;||20px|&#8221; border_style=&#8221;solid&#8221; global_colors_info=&#8221;{}&#8221;][\/et_pb_image][et_pb_text _builder_version=&#8221;3.27.4&#8243; custom_margin=&#8221;||15px|&#8221; border_style=&#8221;solid&#8221; global_colors_info=&#8221;{}&#8221;]<\/p>\n<h3 style=\"text-align: center;\">For Content Producers<\/h3>\n<p style=\"text-align: center;\">Content Production Platform for Educational Materials Producers and Publishers<\/p>\n<p>[\/et_pb_text][et_pb_button button_url=&#8221;https:\/\/www.mobieacademy.fi\/en\/for-content-producers\/&#8221; button_text=&#8221;Read more&#8221; button_alignment=&#8221;center&#8221; _builder_version=&#8221;3.16&#8243; custom_button=&#8221;on&#8221; button_text_size=&#8221;14&#8243; button_text_color=&#8221;#57aa66&#8243; button_icon_color=&#8221;#57aa66&#8243; button_text_color_hover=&#8221;#57aa66&#8243; button_border_color_hover=&#8221;#57aa66&#8243; button_bg_color_hover=&#8221;rgba(255,255,255,0)&#8221; global_colors_info=&#8221;{}&#8221; button_text_size__hover_enabled=&#8221;off&#8221; button_one_text_size__hover_enabled=&#8221;off&#8221; button_two_text_size__hover_enabled=&#8221;off&#8221; button_text_color__hover_enabled=&#8221;on&#8221; button_text_color__hover=&#8221;#57aa66&#8243; button_one_text_color__hover_enabled=&#8221;off&#8221; button_two_text_color__hover_enabled=&#8221;off&#8221; button_border_width__hover_enabled=&#8221;off&#8221; button_one_border_width__hover_enabled=&#8221;off&#8221; button_two_border_width__hover_enabled=&#8221;off&#8221; button_border_color__hover_enabled=&#8221;on&#8221; button_border_color__hover=&#8221;#57aa66&#8243; button_one_border_color__hover_enabled=&#8221;off&#8221; button_two_border_color__hover_enabled=&#8221;off&#8221; button_border_radius__hover_enabled=&#8221;off&#8221; button_one_border_radius__hover_enabled=&#8221;off&#8221; button_two_border_radius__hover_enabled=&#8221;off&#8221; button_letter_spacing__hover_enabled=&#8221;off&#8221; button_one_letter_spacing__hover_enabled=&#8221;off&#8221; button_two_letter_spacing__hover_enabled=&#8221;off&#8221; button_bg_color__hover_enabled=&#8221;on&#8221; button_bg_color__hover=&#8221;rgba(255,255,255,0)&#8221; button_one_bg_color__hover_enabled=&#8221;off&#8221; button_two_bg_color__hover_enabled=&#8221;off&#8221;][\/et_pb_button][\/et_pb_column][et_pb_column type=&#8221;1_4&#8243; _builder_version=&#8221;3.25&#8243; custom_padding=&#8221;|||&#8221; global_colors_info=&#8221;{}&#8221; custom_padding__hover=&#8221;|||&#8221;][et_pb_image src=&#8221;https:\/\/www.mobieacademy.fi\/wp-content\/uploads\/sites\/2\/2017\/07\/mobie-academy-ikonit-kouluttajille3.png&#8221; align=&#8221;center&#8221; align_tablet=&#8221;center&#8221; align_phone=&#8221;&#8221; align_last_edited=&#8221;on|desktop&#8221; _builder_version=&#8221;3.23&#8243; custom_margin=&#8221;||20px|&#8221; border_style=&#8221;solid&#8221; global_colors_info=&#8221;{}&#8221;][\/et_pb_image][et_pb_text _builder_version=&#8221;3.27.4&#8243; custom_margin=&#8221;||15px|&#8221; border_style=&#8221;solid&#8221; global_colors_info=&#8221;{}&#8221;]<\/p>\n<h3 style=\"text-align: center;\">For Educators<\/h3>\n<p style=\"text-align: center;\">For educational institutions, schools, teachers and trainers<\/p>\n<p>[\/et_pb_text][et_pb_button button_url=&#8221;https:\/\/www.mobieacademy.fi\/en\/educators\/&#8221; button_text=&#8221;Read more&#8221; button_alignment=&#8221;center&#8221; _builder_version=&#8221;3.16&#8243; custom_button=&#8221;on&#8221; button_text_size=&#8221;14&#8243; button_text_color=&#8221;#57aa66&#8243; button_icon_color=&#8221;#57aa66&#8243; button_text_color_hover=&#8221;#57aa66&#8243; button_border_color_hover=&#8221;#57aa66&#8243; button_bg_color_hover=&#8221;rgba(255,255,255,0)&#8221; global_colors_info=&#8221;{}&#8221; button_text_size__hover_enabled=&#8221;off&#8221; button_one_text_size__hover_enabled=&#8221;off&#8221; button_two_text_size__hover_enabled=&#8221;off&#8221; button_text_color__hover_enabled=&#8221;on&#8221; button_text_color__hover=&#8221;#57aa66&#8243; button_one_text_color__hover_enabled=&#8221;off&#8221; button_two_text_color__hover_enabled=&#8221;off&#8221; button_border_width__hover_enabled=&#8221;off&#8221; button_one_border_width__hover_enabled=&#8221;off&#8221; button_two_border_width__hover_enabled=&#8221;off&#8221; button_border_color__hover_enabled=&#8221;on&#8221; button_border_color__hover=&#8221;#57aa66&#8243; button_one_border_color__hover_enabled=&#8221;off&#8221; button_two_border_color__hover_enabled=&#8221;off&#8221; button_border_radius__hover_enabled=&#8221;off&#8221; button_one_border_radius__hover_enabled=&#8221;off&#8221; button_two_border_radius__hover_enabled=&#8221;off&#8221; button_letter_spacing__hover_enabled=&#8221;off&#8221; button_one_letter_spacing__hover_enabled=&#8221;off&#8221; button_two_letter_spacing__hover_enabled=&#8221;off&#8221; button_bg_color__hover_enabled=&#8221;on&#8221; button_bg_color__hover=&#8221;rgba(255,255,255,0)&#8221; button_one_bg_color__hover_enabled=&#8221;off&#8221; button_two_bg_color__hover_enabled=&#8221;off&#8221;][\/et_pb_button][\/et_pb_column][et_pb_column type=&#8221;1_4&#8243; _builder_version=&#8221;3.25&#8243; custom_padding=&#8221;|||&#8221; global_colors_info=&#8221;{}&#8221; custom_padding__hover=&#8221;|||&#8221;][et_pb_image src=&#8221;https:\/\/www.mobieacademy.fi\/wp-content\/uploads\/sites\/2\/2017\/12\/mobie-academy-ikonit-yksityishenkiloille.png&#8221; align=&#8221;center&#8221; align_tablet=&#8221;center&#8221; align_phone=&#8221;&#8221; align_last_edited=&#8221;on|desktop&#8221; _builder_version=&#8221;3.23&#8243; custom_margin=&#8221;||20px|&#8221; border_style=&#8221;solid&#8221; global_colors_info=&#8221;{}&#8221;][\/et_pb_image][et_pb_text _builder_version=&#8221;3.27.4&#8243; custom_margin=&#8221;||15px|&#8221; border_style=&#8221;solid&#8221; global_colors_info=&#8221;{}&#8221;]<\/p>\n<h3 style=\"text-align: center;\">For Private Individuals<\/h3>\n<p style=\"text-align: center;\">Mobie Academy for students and other private individuals<\/p>\n<p>[\/et_pb_text][et_pb_button button_url=&#8221;https:\/\/www.mobieacademy.fi\/en\/private-individuals\/&#8221; button_text=&#8221;Read more&#8221; button_alignment=&#8221;center&#8221; _builder_version=&#8221;3.16&#8243; custom_button=&#8221;on&#8221; button_text_size=&#8221;14&#8243; button_text_color=&#8221;#57aa66&#8243; button_icon_color=&#8221;#57aa66&#8243; button_text_color_hover=&#8221;#57aa66&#8243; button_border_color_hover=&#8221;#57aa66&#8243; button_bg_color_hover=&#8221;rgba(255,255,255,0)&#8221; global_colors_info=&#8221;{}&#8221; button_text_size__hover_enabled=&#8221;off&#8221; button_one_text_size__hover_enabled=&#8221;off&#8221; button_two_text_size__hover_enabled=&#8221;off&#8221; button_text_color__hover_enabled=&#8221;on&#8221; button_text_color__hover=&#8221;#57aa66&#8243; button_one_text_color__hover_enabled=&#8221;off&#8221; button_two_text_color__hover_enabled=&#8221;off&#8221; button_border_width__hover_enabled=&#8221;off&#8221; button_one_border_width__hover_enabled=&#8221;off&#8221; button_two_border_width__hover_enabled=&#8221;off&#8221; button_border_color__hover_enabled=&#8221;on&#8221; button_border_color__hover=&#8221;#57aa66&#8243; button_one_border_color__hover_enabled=&#8221;off&#8221; button_two_border_color__hover_enabled=&#8221;off&#8221; button_border_radius__hover_enabled=&#8221;off&#8221; button_one_border_radius__hover_enabled=&#8221;off&#8221; button_two_border_radius__hover_enabled=&#8221;off&#8221; button_letter_spacing__hover_enabled=&#8221;off&#8221; button_one_letter_spacing__hover_enabled=&#8221;off&#8221; button_two_letter_spacing__hover_enabled=&#8221;off&#8221; button_bg_color__hover_enabled=&#8221;on&#8221; button_bg_color__hover=&#8221;rgba(255,255,255,0)&#8221; button_one_bg_color__hover_enabled=&#8221;off&#8221; button_two_bg_color__hover_enabled=&#8221;off&#8221;][\/et_pb_button][\/et_pb_column][et_pb_column type=&#8221;1_4&#8243; _builder_version=&#8221;3.25&#8243; custom_padding=&#8221;|||&#8221; global_colors_info=&#8221;{}&#8221; custom_padding__hover=&#8221;|||&#8221;][et_pb_image src=&#8221;https:\/\/www.mobieacademy.fi\/wp-content\/uploads\/sites\/2\/2017\/07\/mobie-academy-ikonit-yrityksille3.png&#8221; align=&#8221;center&#8221; align_tablet=&#8221;center&#8221; align_phone=&#8221;&#8221; align_last_edited=&#8221;on|desktop&#8221; _builder_version=&#8221;3.23&#8243; custom_margin=&#8221;||20px|&#8221; border_style=&#8221;solid&#8221; global_colors_info=&#8221;{}&#8221;][\/et_pb_image][et_pb_text _builder_version=&#8221;3.27.4&#8243; custom_margin=&#8221;||15px|&#8221; border_style=&#8221;solid&#8221; global_colors_info=&#8221;{}&#8221;]<\/p>\n<h3 style=\"text-align: center;\">For Companies<\/h3>\n<p style=\"text-align: center;\">Mobie Academy for companies and organizations<\/p>\n<p>[\/et_pb_text][et_pb_button button_url=&#8221;https:\/\/www.mobieacademy.fi\/en\/for-companies\/&#8221; button_text=&#8221;Read more&#8221; button_alignment=&#8221;center&#8221; _builder_version=&#8221;3.16&#8243; custom_button=&#8221;on&#8221; button_text_size=&#8221;14&#8243; button_text_color=&#8221;#57aa66&#8243; button_icon_color=&#8221;#57aa66&#8243; button_text_color_hover=&#8221;#57aa66&#8243; button_border_color_hover=&#8221;#57aa66&#8243; button_bg_color_hover=&#8221;rgba(255,255,255,0)&#8221; global_colors_info=&#8221;{}&#8221; button_text_size__hover_enabled=&#8221;off&#8221; button_one_text_size__hover_enabled=&#8221;off&#8221; button_two_text_size__hover_enabled=&#8221;off&#8221; button_text_color__hover_enabled=&#8221;on&#8221; button_text_color__hover=&#8221;#57aa66&#8243; button_one_text_color__hover_enabled=&#8221;off&#8221; button_two_text_color__hover_enabled=&#8221;off&#8221; button_border_width__hover_enabled=&#8221;off&#8221; button_one_border_width__hover_enabled=&#8221;off&#8221; button_two_border_width__hover_enabled=&#8221;off&#8221; button_border_color__hover_enabled=&#8221;on&#8221; button_border_color__hover=&#8221;#57aa66&#8243; button_one_border_color__hover_enabled=&#8221;off&#8221; button_two_border_color__hover_enabled=&#8221;off&#8221; button_border_radius__hover_enabled=&#8221;off&#8221; button_one_border_radius__hover_enabled=&#8221;off&#8221; button_two_border_radius__hover_enabled=&#8221;off&#8221; button_letter_spacing__hover_enabled=&#8221;off&#8221; button_one_letter_spacing__hover_enabled=&#8221;off&#8221; button_two_letter_spacing__hover_enabled=&#8221;off&#8221; button_bg_color__hover_enabled=&#8221;on&#8221; button_bg_color__hover=&#8221;rgba(255,255,255,0)&#8221; button_one_bg_color__hover_enabled=&#8221;off&#8221; button_two_bg_color__hover_enabled=&#8221;off&#8221;][\/et_pb_button][\/et_pb_column][\/et_pb_row][\/et_pb_section]<\/p>\n","protected":false},"excerpt":{"rendered":"<p>Study and develop yourself &#8211; anytime, anywhere. <\/p>\n","protected":false},"author":3,"featured_media":7327,"parent":0,"menu_order":0,"comment_status":"closed","ping_status":"closed","template":"","meta":{"_et_pb_use_builder":"on","_et_pb_old_content":"<p>Mobie Shop on t\u00e4ysin uudenlainen s\u00e4hk\u00f6isten oppi- ja koulutusmateriaalien verkkokauppa, joka sis\u00e4lt\u00e4\u00e4 my\u00f6s eritt\u00e4in monipuolisen oppimateriaalien tuotantoalustan, sek\u00e4 henkil\u00f6kohtaisen oppimisymp\u00e4rist\u00f6n.<\/p><p>Mobie Shopin oppimisymp\u00e4rist\u00f6\/tuotantoalusta perustuu vuosina 2013-2015 sadan suomalaisen koulun ja l\u00e4hes 2500 opettajan kanssa yhteisty\u00f6ss\u00e4 kehitettyyn OnEdu \u2013oppimisymp\u00e4rist\u00f6\u00f6n, sek\u00e4 siit\u00e4 kehitettyyn yritysten ja organisaatioiden Mobie eSmart \u2013koulutus- ja perehdytt\u00e4misj\u00e4rjestelm\u00e4\u00e4n. Se poikkeaa n\u00e4ist\u00e4 yksitt\u00e4isasennuksina toteutettavista j\u00e4rjestelmist\u00e4 ainoastaan siin\u00e4, ett\u00e4 se toimii osana Mobie Shop \u2013verkkokauppaa ja sen k\u00e4ytt\u00f6oikeus hankitaan aina verkkokaupasta.<\/p><p>Oppimisymp\u00e4rist\u00f6n k\u00e4ytt\u00f6 on aina ilmaista sis\u00e4ll\u00f6ntuottajille, kustantajille, sek\u00e4 koulutusta tuottaville organisaatioille (koulut, oppilaitokset, kouluttajat jne.). Opiskelijat hankkivat verkkokaupasta haluamansa oppi-\/koulutusmateriaalit ja samalla k\u00e4ytt\u00f6oikeuden henkil\u00f6kohtaiseen oppimisymp\u00e4rist\u00f6\u00f6n haluamakseen ajaksi. Palvelu toimii samalla opiskelijan henkil\u00f6kohtaisena portfoliona. H\u00e4n voi hankkia verkkokaupasta joko yksitt\u00e4isi\u00e4 kursseja, tai osallistua eri koulutuksenj\u00e4rjest\u00e4jien j\u00e4rjest\u00e4mille kursseille, joille opettaja tai kouluttaja voi luoda haluamiaan opiskelijaryhmi\u00e4 ja seurata n\u00e4iden suorittamista, sek\u00e4 antaa opiskelijoille tarvittavaa henkil\u00f6kohtaista palautetta.<\/p><p>Sis\u00e4ll\u00f6ntuottajan tai kustantajan kannalta Mobie Shop mahdollistaa oppi- tai koulutusmateriaalien tuottamisen eritt\u00e4in nykyaikaiselle alustalle, sek\u00e4 materiaalien jakelun ja myynnin tarvittaessa jopa globaalisti. Mobie Shop \u2013verkkokauppa avataan syksyll\u00e4 2017 samanaikaisesti kuudessa eri maassa (Suomi, Kiina, Hong Kong, Singapore, Intia ja USA).<\/p>","_et_gb_content_width":"","footnotes":""},"class_list":["post-3005","page","type-page","status-publish","has-post-thumbnail","hentry"],"_links":{"self":[{"href":"https:\/\/www.mobieacademy.fi\/en\/wp-json\/wp\/v2\/pages\/3005"}],"collection":[{"href":"https:\/\/www.mobieacademy.fi\/en\/wp-json\/wp\/v2\/pages"}],"about":[{"href":"https:\/\/www.mobieacademy.fi\/en\/wp-json\/wp\/v2\/types\/page"}],"author":[{"embeddable":true,"href":"https:\/\/www.mobieacademy.fi\/en\/wp-json\/wp\/v2\/users\/3"}],"replies":[{"embeddable":true,"href":"https:\/\/www.mobieacademy.fi\/en\/wp-json\/wp\/v2\/comments?post=3005"}],"version-history":[{"count":35,"href":"https:\/\/www.mobieacademy.fi\/en\/wp-json\/wp\/v2\/pages\/3005\/revisions"}],"predecessor-version":[{"id":7430,"href":"https:\/\/www.mobieacademy.fi\/en\/wp-json\/wp\/v2\/pages\/3005\/revisions\/7430"}],"wp:featuredmedia":[{"embeddable":true,"href":"https:\/\/www.mobieacademy.fi\/en\/wp-json\/wp\/v2\/media\/7327"}],"wp:attachment":[{"href":"https:\/\/www.mobieacademy.fi\/en\/wp-json\/wp\/v2\/media?parent=3005"}],"curies":[{"name":"wp","href":"https:\/\/api.w.org\/{rel}","templated":true}]}}